{"id":1552,"date":"2025-07-09T10:19:06","date_gmt":"2025-07-09T08:19:06","guid":{"rendered":"https:\/\/projekt.radikale-rechte.de\/?page_id=1552"},"modified":"2025-07-09T10:32:08","modified_gmt":"2025-07-09T08:32:08","slug":"pogrom","status":"publish","type":"page","link":"https:\/\/projekt.radikale-rechte.de\/index.php\/pogrom\/","title":{"rendered":"Pogrom"},"content":{"rendered":"\n<h3 class=\"wp-block-heading\" id=\"vom-rowdytum-zur-bundesweiten-organisierung-die-neonazistische-rechte-in-beiden-deutschen-staaten-1983-1991\"><strong>Eine integrierte Geschichte des rassistischen Pogroms in Rostock-Lichtenhagen 1992<\/strong><\/h3>\n\n\n\n<p><strong>Dissertationsprojekt von <a href=\"https:\/\/projekt.radikale-rechte.de\/index.php\/johann-henningsen\/\" data-type=\"page\" data-id=\"548\">Johann Henningsen<\/a><\/strong><br>(Teilprojekt des von der VolkswagenStiftung finanzierten Projekts)<br><\/p>\n\n\n\n<p>\u00dcber drei Tage erstreckte sich die Gewalt gegen ehemalige Vertragsarbeiter:innen aus Vietnam und Asylsuchende im Rostocker Stadtteil Lichtenhagen. Heute gelten die rassistischen Angriffe als das gr\u00f6\u00dfte Pogrom der deutschen Nachkriegsgeschichte. Das Projekt n\u00e4hert sich dem Ereignis mittels Saul Friedl\u00e4nders Ansatz der &#8222;integrierten Geschichte&#8220; und Methoden aus der Pogrom- und Gewaltforschung.&nbsp;<br><br>Das Promotionsprojekt betrachtet das voneinander abh\u00e4ngige Handeln verschiedener Akteure und ihren Einfluss auf die Pogromdynamik in Rostock-Lichtenhagen. Ein Fokus liegt auf den Handlungen und Wahrnehmungen der Betroffenen der Gewalt. Weiter kontextualisiert das Projekt die Gewalt in Rostock-Lichtenhagen innerhalb der Welle der deutschen Nachwendepogrome sowie anderer Formen rechter Gewalt und rassistischen Mobilisierungen.&nbsp;<br><br>Das Pogrom als Moment der r\u00e4umlichen und zeitlichen Verdichtung von Akteurskonstellationen und Akteurshandeln soll einen Zugriff auf die rassistische Gewalt der deutschen Transformationszeit erm\u00f6glichen. Das Projekt zielt mit der Untersuchung von radikalen Rechten in ihrer Abh\u00e4ngigkeit von anderen Akteuren au\u00dferdem auf eine methodische Erweiterung der zeithistorischen Rechtsextremismusforschung.<\/p>\n","protected":false},"excerpt":{"rendered":"<p>Eine integrierte Geschichte des rassistischen Pogroms in Rostock-Lichtenhagen 1992 Dissertationsprojekt von Johann Henningsen(Teilprojekt des von der VolkswagenStiftung finanzierten Projekts) \u00dcber drei Tage erstreckte sich die Gewalt gegen ehemalige Vertragsarbeiter:innen aus Vietnam und Asylsuchende im Rostocker Stadtteil Lichtenhagen. Heute gelten die&hellip;  <\/p>\n<p class=\"more-link\"><a href=\"https:\/\/projekt.radikale-rechte.de\/index.php\/pogrom\/\">Continue reading <span class=\"meta-nav\">&rarr;<\/span><\/a><\/p>\n","protected":false},"author":9,"featured_media":0,"parent":0,"menu_order":0,"comment_status":"closed","ping_status":"closed","template":"","meta":{"footnotes":""},"class_list":["post-1552","page","type-page","status-publish","hentry"],"_links":{"self":[{"href":"https:\/\/projekt.radikale-rechte.de\/index.php\/wp-json\/wp\/v2\/pages\/1552","targetHints":{"allow":["GET"]}}],"collection":[{"href":"https:\/\/projekt.radikale-rechte.de\/index.php\/wp-json\/wp\/v2\/pages"}],"about":[{"href":"https:\/\/projekt.radikale-rechte.de\/index.php\/wp-json\/wp\/v2\/types\/page"}],"author":[{"embeddable":true,"href":"https:\/\/projekt.radikale-rechte.de\/index.php\/wp-json\/wp\/v2\/users\/9"}],"replies":[{"embeddable":true,"href":"https:\/\/projekt.radikale-rechte.de\/index.php\/wp-json\/wp\/v2\/comments?post=1552"}],"version-history":[{"count":4,"href":"https:\/\/projekt.radikale-rechte.de\/index.php\/wp-json\/wp\/v2\/pages\/1552\/revisions"}],"predecessor-version":[{"id":1561,"href":"https:\/\/projekt.radikale-rechte.de\/index.php\/wp-json\/wp\/v2\/pages\/1552\/revisions\/1561"}],"wp:attachment":[{"href":"https:\/\/projekt.radikale-rechte.de\/index.php\/wp-json\/wp\/v2\/media?parent=1552"}],"curies":[{"name":"wp","href":"https:\/\/api.w.org\/{rel}","templated":true}]}}