{"id":20,"date":"2021-11-16T12:51:17","date_gmt":"2021-11-16T11:51:17","guid":{"rendered":"https:\/\/projekt.radikale-rechte.de\/?page_id=20"},"modified":"2026-03-02T10:29:46","modified_gmt":"2026-03-02T09:29:46","slug":"laura-hassler","status":"publish","type":"page","link":"https:\/\/projekt.radikale-rechte.de\/index.php\/laura-hassler\/","title":{"rendered":"Laura Ha\u00dfler"},"content":{"rendered":"\n<div class=\"wp-block-columns is-layout-flex wp-container-core-columns-is-layout-9d6595d7 wp-block-columns-is-layout-flex\">\n<div class=\"wp-block-column is-layout-flow wp-block-column-is-layout-flow\" style=\"flex-basis:33.33%\">\n<figure class=\"wp-block-image size-full is-resized\"><img loading=\"lazy\" decoding=\"async\" width=\"527\" height=\"791\" src=\"https:\/\/projekt.radikale-rechte.de\/wp-content\/uploads\/2021\/11\/Hassler1.jpg\" alt=\"\" class=\"wp-image-196\" srcset=\"https:\/\/projekt.radikale-rechte.de\/wp-content\/uploads\/2021\/11\/Hassler1.jpg 527w, https:\/\/projekt.radikale-rechte.de\/wp-content\/uploads\/2021\/11\/Hassler1-200x300.jpg 200w, https:\/\/projekt.radikale-rechte.de\/wp-content\/uploads\/2021\/11\/Hassler1-240x360.jpg 240w\" sizes=\"auto, (max-width: 527px) 100vw, 527px\" \/><\/figure>\n<\/div>\n\n\n\n<div class=\"wp-block-column is-layout-flow wp-block-column-is-layout-flow\" style=\"flex-basis:66.66%\">\n<p><strong>Laura Ha\u00dfler ist seit Dezember 2020 assoziierte Doktorandin am ZZF Potsdam in der Abteilung IV \u00bbRegime des Sozialen<strong>\u00ab<\/strong>. Ihr Dissertationsprojekt, gef\u00f6rdert von der Hans-B\u00f6ckler-Stiftung, widmet sich dem Thema <strong>\u00bb<\/strong>Rechte Kaderschmieden. Die \u203aJungen Nationaldemokraten<strong>\u2039<\/strong>, ca. 1967\u20131994<strong><strong>\u00ab<\/strong><\/strong>.<\/strong><\/p>\n<\/div>\n<\/div>\n\n\n\n<h4 class=\"wp-block-heading\"><br>Vita<\/h4>\n\n\n\n<p>seit 04\/2025<br>Wissenschaftliche Mitarbeiterin am Lehrstuhl f\u00fcr Allgemeine Geschichte der Neuesten Zeit der Universit\u00e4t Greifswald<\/p>\n\n\n\n<p>seit 11\/2020: Assoziierte Doktorandin am ZZF Potsdam<\/p>\n\n\n\n<p>12\/2019\u201302\/2020<br>Koordinatorin: Digitale Ausstellung <strong><strong>\u00bb<\/strong><\/strong>Architekturen der Wissenschaft<strong><strong><strong>\u00ab<\/strong><\/strong><\/strong><br>(https:\/\/architekturen-der-wissenschaft.de\/), Projekt <strong><strong>\u00bb<\/strong><\/strong>Wissenschaft in der Stadt<strong><strong><strong>\u00ab<\/strong><\/strong><\/strong><br>(Prof. Dr. Gabriele Metzler \/ PD Dr. Arne Schirrmacher), Humboldt-Universit\u00e4t zu Berlin<\/p>\n\n\n\n<p>2016\u20132019<br>Studium der Geschichtswissenschaften an der Humboldt-Universit\u00e4t zu Berlin (Abschluss: Master of Arts)<br>Thema der Masterarbeit: Bunkermentalit\u00e4ten. Staat, Individuum und Markt im bundesrepublikanischen Privatbunkerbau (ca. 1965\u20131990)<\/p>\n\n\n\n<p>04\/2017\u201309\/2019<br>Studentische Hilfskraft am Lehrstuhl f\u00fcr Wissenschaftsgeschichte, Humboldt-Universit\u00e4t zu Berlin bei Prof. Dr. Anke te Heesen<\/p>\n\n\n\n<p>02\/2015\u201305\/2017<br>Studentische Hilfskraft am ERC-Projekt FOUNDMED \u2013 <strong><strong>\u00bb<\/strong><\/strong>Foundations in Medieval Societies. Cross-cultural Comparisons<strong><strong><strong>\u00ab<\/strong><\/strong><\/strong>, Humboldt-Universit\u00e4t zu Berlin unter Leitung von Prof. Dr. Michael Borgolte<\/p>\n\n\n\n<p>2012\u20132016<br>Studium der Geschichtswissenschaften und Sozialwissenschaft an der Humboldt-Universit\u00e4t zu Berlin (Abschluss: Bachelor of Arts)<\/p>\n\n\n\n<div style=\"height:32px\" aria-hidden=\"true\" class=\"wp-block-spacer\"><\/div>\n\n\n\n<h4 class=\"wp-block-heading\">Publikationen<\/h4>\n\n\n\n<p class=\"has-small-font-size\">im Druck: Das Volk, myself and I. Individualisierung und Adaption von links bei den \u00bbJungen Nationaldemokraten\u00ab nach 1968, in: Frank B\u00f6sch \/ Gideon Botsch (Hrsg.), Lebenswelten der radikalen Rechten in der Bonner Republik (Geschichte der Gegenwart, Bd. 40). G\u00f6ttingen 2026, S. 107\u2013130.<\/p>\n\n\n\n<p class=\"has-small-font-size\">Rezension zu: Schilk, Felix, Die Erz\u00e4hlgemeinschaft der Neuen Rechten. Zur politischen Soziologie konservativer Krisennarrative, Bielefeld\u00a02024\u00a0, in: H-Soz-Kult, 13.11.2025,\u00a0<a href=\"https:\/\/www.hsozkult.de\/publicationreview\/id\/reb-145696\">https:\/\/www.hsozkult.de\/publicationreview\/id\/reb-145696<\/a>.<\/p>\n\n\n\n<p class=\"has-small-font-size\">(Mit Dominik Rigoll) Forschungen und Quellen zur deutschen Rechten. Teil 2: Handlungen und Wirkungen, in: <a href=\"https:\/\/www.fes.de\/afs\/baende#c248785\" data-type=\"link\" data-id=\"https:\/\/www.fes.de\/afs\/baende#c248785\" target=\"_blank\" rel=\"noreferrer noopener\">Archiv f\u00fcr Sozialgeschichte<\/a> 63 (2023), S. 491\u2013545.<\/p>\n\n\n\n<p class=\"has-small-font-size\">(Mit Dominik Rigoll) \u00dcber Rechte reden. Der deutsche Nationalismus nach 1945. Ein Podcast, in: <a href=\"https:\/\/zeitgeschichte-online.de\/themen\/ueber-rechte-reden-der-deutsche-nationalismus-nach-1945\" target=\"_blank\" rel=\"noreferrer noopener\">Zeitgeschichte-online, 20. April 2023<\/a>. <\/p>\n\n\n\n<p class=\"has-small-font-size\">(Mit Martin Gontermann), Von stummen G\u00e4sten und b\u00f6sen Geistern. Simon Br\u00fcckners AfD-Dokumentarfilm \u00bbEine Deutsche Partei\u00ab, in: Zeitgeschichte-online, 9. Februar 2023, <a href=\"https:\/\/zeitgeschichte-online.de\/film\/von-stummen-gaesten-und-boesen-geistern\" target=\"_blank\" rel=\"noreferrer noopener\">https:\/\/zeitgeschichte-online.de\/film\/von-stummen-gaesten-und-boesen-geistern<\/a>.<\/p>\n\n\n\n<p class=\"has-small-font-size\">Junge Deutsche Stimmen. Die Sch\u00fclerzeitungen der Jungen Nationaldemokraten (JN), in: Wolfgang Braungart\/Gabriele Guerra\/Justus H. Ulbricht (Hg.), Jugend ohne Sinn? Eine Spurensuche zu Sinnfragen der jungen Generation 1945\u20131949 (Jugendbewegung und Jugendkulturen \u2013 Jahrbuch; 17), G\u00f6ttingen: Vandenhoeck &amp; Ruprecht 2022, S. 367\u2013371.<\/p>\n\n\n\n<p class=\"has-small-font-size\">Rezension von: Val\u00e9rie Dubslaff, <strong><strong>\u00bb<\/strong><\/strong>Deutschland ist auch Frauensache<strong><strong><strong>\u00ab<\/strong><\/strong><\/strong>. NPD-Frauen im Kampf f\u00fcr Volk und Familie 1964\u20132020, Berlin\/Boston: De Gruyter Oldenbourg, 2022, in: <a href=\"http:\/\/www.sehepunkte.de \/2022\/03\/36603.html\" target=\"_blank\" rel=\"noreferrer noopener\">sehepunkte 22 (2022), Nr. 3, 15.3.2022<\/a>.<\/p>\n\n\n\n<p class=\"has-small-font-size\">(Mit Dominik Rigoll) Forschungen und Quellen zur deutschen Rechten, Teil 1: Ans\u00e4tze und Akteur*innen, in: <a href=\"https:\/\/www.fes.de\/afs\/baende#c248785\" target=\"_blank\" rel=\"noreferrer noopener\">Archiv f\u00fcr Sozialgeschichte<\/a> 61 (2021), S. 569\u2013611.<\/p>\n\n\n\n<p class=\"has-small-font-size\">(Mit Martin Gontermann) Authentizit\u00e4t und Illusion. Natural Light\/Term\u00e9szetes f\u00e9ny: (k)ein Kriegsfilm, in: Zeitgeschichte-online, Oktober 2021, <a href=\"https:\/\/zeitgeschichte-online.de\/film\/authentizitaet-und-illusion\">https:\/\/zeitgeschichte-online.de\/film\/authentizitaet-und-illusion<\/a>. <\/p>\n\n\n\n<p class=\"has-small-font-size\">(Unter Mitarbeit von Julian Genner) Bunker gegen die Zukunft, in: Cache, Januar 2021, <a href=\"https:\/\/cache.ch\/blog\/bunkergegendiezukunft\">https:\/\/cache.ch\/blog\/bunkergegendiezukunft<\/a>.<\/p>\n\n\n\n<p class=\"has-small-font-size\">Tagungsbericht: Kontinuit\u00e4ten rechter Gewalt. Ideologien \u2013 Praktiken \u2013 Wirkungen, 13.2.2020\u201314.2.2020 Potsdam, H-Soz-Kult, 6.5.2020, <a href=\"http:\/\/www.hsozkult.de\/conferencereport\/id\/tagungsberichte-8748\">www.hsozkult.de\/conferencereport\/id\/tagungsberichte-8748<\/a>.<\/p>\n\n\n\n<p class=\"has-small-font-size\">Militarisierung statt Liberalisierung? Rechtes Liedgut im Liederbuch der Bundeswehr seit den 1950er Jahren, in: Zeitgeschichte-online, Oktober 2019, <a href=\"http:\/\/www.zeitgeschichte-online.de\/themen\/militarisierung-statt-liberalisierung\">www.zeitgeschichte-online.de\/themen\/militarisierung-statt-liberalisierung<\/a>.<\/p>\n\n\n\n<p class=\"has-small-font-size\"><strong><strong>\u00bb<\/strong><\/strong>An Ironic Dream of a Common Language<strong><strong><strong>\u00ab<\/strong><\/strong><\/strong>. Haraways Cyborg im Kontext (Sonderdruck 7), Berlin 2019.<\/p>\n\n\n\n<p class=\"has-small-font-size\">(Mit Benjamin Wolff) Tagungsbericht: Stiftungen in der Weltgeschichte, 9.2.\u201310.2.2017 Berlin, H-Soz-Kult, 18.4.2017, <a href=\"http:\/\/www.hsozkult.de\/conferencereport\/id\/tagungsberichte-7120\">www.hsozkult.de\/conferencereport\/id\/tagungsberichte-7120<\/a>.<\/p>\n\n\n\n<div style=\"height:32px\" aria-hidden=\"true\" class=\"wp-block-spacer\"><\/div>\n\n\n\n<h4 class=\"wp-block-heading\">Kontakt<\/h4>\n\n\n\n<p>Laura Ha\u00dfler<br>Lehrstuhl f\u00fcr Allgemeine Geschichte der Neuesten Zeit<br>Domstra\u00dfe 9a<br>17487 Greifswald<\/p>\n\n\n\n<p>E-Mail: <a href=\"mailto:laura.hassler@zzf-potsdam.de\" target=\"_blank\" rel=\"noreferrer noopener\"><\/a><a href=\"https:\/\/geschichte.uni-greifswald.de\/arbeitsbereiche\/lehrstuehle\/nz\/mitarbeitende\/dr-laura-hassler\/\"><strong>laura.hassler@uni-greifswald.de<\/strong><\/a><\/p>\n\n\n\n<p><\/p>\n","protected":false},"excerpt":{"rendered":"<p>Laura Ha\u00dfler ist seit Dezember 2020 assoziierte Doktorandin am ZZF Potsdam in der Abteilung IV \u00bbRegime des Sozialen\u00ab. Ihr Dissertationsprojekt, gef\u00f6rdert von der Hans-B\u00f6ckler-Stiftung, widmet sich dem Thema \u00bbRechte Kaderschmieden. Die \u203aJungen Nationaldemokraten\u2039, ca. 1967\u20131994\u00ab. Vita seit 04\/2025Wissenschaftliche Mitarbeiterin am&hellip;  <\/p>\n<p class=\"more-link\"><a href=\"https:\/\/projekt.radikale-rechte.de\/index.php\/laura-hassler\/\">Continue reading <span class=\"meta-nav\">&rarr;<\/span><\/a><\/p>\n","protected":false},"author":2,"featured_media":0,"parent":0,"menu_order":0,"comment_status":"closed","ping_status":"closed","template":"","meta":{"footnotes":""},"class_list":["post-20","page","type-page","status-publish","hentry"],"_links":{"self":[{"href":"https:\/\/projekt.radikale-rechte.de\/index.php\/wp-json\/wp\/v2\/pages\/20","targetHints":{"allow":["GET"]}}],"collection":[{"href":"https:\/\/projekt.radikale-rechte.de\/index.php\/wp-json\/wp\/v2\/pages"}],"about":[{"href":"https:\/\/projekt.radikale-rechte.de\/index.php\/wp-json\/wp\/v2\/types\/page"}],"author":[{"embeddable":true,"href":"https:\/\/projekt.radikale-rechte.de\/index.php\/wp-json\/wp\/v2\/users\/2"}],"replies":[{"embeddable":true,"href":"https:\/\/projekt.radikale-rechte.de\/index.php\/wp-json\/wp\/v2\/comments?post=20"}],"version-history":[{"count":20,"href":"https:\/\/projekt.radikale-rechte.de\/index.php\/wp-json\/wp\/v2\/pages\/20\/revisions"}],"predecessor-version":[{"id":1643,"href":"https:\/\/projekt.radikale-rechte.de\/index.php\/wp-json\/wp\/v2\/pages\/20\/revisions\/1643"}],"wp:attachment":[{"href":"https:\/\/projekt.radikale-rechte.de\/index.php\/wp-json\/wp\/v2\/media?parent=20"}],"curies":[{"name":"wp","href":"https:\/\/api.w.org\/{rel}","templated":true}]}}