{"id":23,"date":"2021-11-16T12:51:17","date_gmt":"2021-11-16T11:51:17","guid":{"rendered":"https:\/\/projekt.radikale-rechte.de\/?page_id=23"},"modified":"2026-03-02T14:44:58","modified_gmt":"2026-03-02T13:44:58","slug":"marie-mueller-zetzsche","status":"publish","type":"page","link":"https:\/\/projekt.radikale-rechte.de\/index.php\/marie-mueller-zetzsche\/","title":{"rendered":"Marie M\u00fcller-Zetzsche"},"content":{"rendered":"\n<div class=\"wp-block-columns is-layout-flex wp-container-core-columns-is-layout-9d6595d7 wp-block-columns-is-layout-flex\">\n<div class=\"wp-block-column is-layout-flow wp-block-column-is-layout-flow\" style=\"flex-basis:33.33%\">\n<figure class=\"wp-block-image size-full\"><img loading=\"lazy\" decoding=\"async\" width=\"240\" height=\"360\" src=\"https:\/\/projekt.radikale-rechte.de\/wp-content\/uploads\/2021\/11\/marie-mueller-zetzsche.jpg\" alt=\"\" class=\"wp-image-369\" srcset=\"https:\/\/projekt.radikale-rechte.de\/wp-content\/uploads\/2021\/11\/marie-mueller-zetzsche.jpg 240w, https:\/\/projekt.radikale-rechte.de\/wp-content\/uploads\/2021\/11\/marie-mueller-zetzsche-200x300.jpg 200w\" sizes=\"auto, (max-width: 240px) 100vw, 240px\" \/><\/figure>\n<\/div>\n\n\n\n<div class=\"wp-block-column is-layout-flow wp-block-column-is-layout-flow\" style=\"flex-basis:66.66%\">\n<p><strong>Dr. Marie M\u00fcller-Zetzsche war wissenschaftliche Mitarbeiterin der Forschungsgruppe und bearbeitete das Projekt \u00bbMedien-Intellektuelle von rechts? Die Entwicklung rechtsradikaler Ideologie nach 1945 in Deutschland und Frankreich\u00ab. Sie ist assoziierte Wissenschaftlerin am Moses Mendelssohn Zentrum<\/strong><\/p>\n\n\n\n<p><\/p>\n<\/div>\n<\/div>\n\n\n\n<h4 class=\"wp-block-heading\"><br>Vita<\/h4>\n\n\n\n<p>2021-2025 <br>Wissenschaftliche Mitarbeiterin\/ Postdoc am Moses Mendelssohn Zentrum im Forschungsprojekt Radikale Rechte<\/p>\n\n\n\n<p>2020\u20132021<br>Fellow f\u00fcr Teach First Deutschland an der Paul Robeson Oberschule Leipzig<\/p>\n\n\n\n<p>2016\u20132018<br>Ausstellungsassistentin im Zeitgeschichtlichen Forum Leipzig, konzeptionelle Vorbereitung der Dauerausstellung Unsere Geschichte<\/p>\n\n\n\n<p>2012\u20132018<br>Promotion am Institut f\u00fcr Kulturwissenschaften der Universit\u00e4t Leipzig bei Prof. Thomas H\u00f6pel und an der Universit\u00e9 de Lorraine-Metz bei Prof. Ulrich Pfeil<\/p>\n\n\n\n<p>2003\u20132011<br>Studium der Kulturwissenschaften und Franz\u00f6sistik an der Universit\u00e4t Leipzig<\/p>\n\n\n\n<div style=\"height:32px\" aria-hidden=\"true\" class=\"wp-block-spacer\"><\/div>\n\n\n\n<h4 class=\"wp-block-heading\">Publikationen (Auswahl)<\/h4>\n\n\n\n<p><\/p>\n\n\n\n<p class=\"has-small-font-size\">Erneuerung der alten Rechten. Nationalistische und rassistische Diskurse in Deutschland und Frankreich, 1951-1971, G\u00f6ttingen 2026 (im Erscheinen).<\/p>\n\n\n\n<p class=\"has-small-font-size\">Der \u201erichtige\u201c und der \u201efalsche\u201c Antifaschismus. Erbe und Vermittlung eines komplexen Zusammenhangs, in: Symposium culture@kultur (2026, URL:\u00a0<a href=\"https:\/\/reference-global.com\/article\/10.2478\/sck-2025-0006\">https:\/\/reference-global.com\/article\/10.2478\/sck-2025-0006<\/a>.).<\/p>\n\n\n\n<p class=\"has-small-font-size\">\u201eDas Gespr\u00e4ch mit dem Leser\u201c. Vergemeinschaftungen im Umfeld der Zeitschrift Nation Europa, in: Frank B\u00f6sch\/Gideon Botsch (Hg.),\u00a0Lebenswelten der radikalen Rechten, G\u00f6ttingen 2026 (im Erscheinen).<\/p>\n\n\n\n<p class=\"has-small-font-size\">(Mit Yves M\u00fcller) Rechtsradikale Literaturpolitik als metapolitische Praxis in den 1950er und 1960er Jahren, in: Deutsche Vierteljahrsschrift f\u00fcr Literaturwissenschaft und Geistesgeschichte (2024), DOI: <a href=\"https:\/\/doi.org\/10.1007\/s41245-024-00260-x\" data-type=\"link\" data-id=\"https:\/\/doi.org\/10.1007\/s41245-024-00260-x\" target=\"_blank\" rel=\"noreferrer noopener\">10.1007\/s41245-024-00260-x<\/a>.<\/p>\n\n\n\n<p class=\"has-small-font-size\">\u00bbDas Problem der 6 Millionen\u00ab. Holocaustleugnung als Kampagnenthema der extremen Rechten nach 1945, in: Zeitgeschichte-online, 31. Oktober 2023, <a href=\"https:\/\/zeitgeschichte-online.de\/kommentar\/das-problem-der-6-millionen\" target=\"_blank\" rel=\"noreferrer noopener\">https:\/\/zeitgeschichte-online.de\/kommentar\/das-problem-der-6-millionen<\/a>.<\/p>\n\n\n\n<p class=\"has-small-font-size\">(Mit Luisa Seydel) <a rel=\"noreferrer noopener\" href=\"https:\/\/jungle.world\/artikel\/2023\/27\/dichter-lippoldsberg\" target=\"_blank\">Dichter in Lippoldsberg. Im Juni 1961 kam es auf den Lippoldsberger Dichtertagen zum Generationenkonflikt zwischen Rechtsextremen<\/a>, Jungle World 27\/2023 (5. Juli 2023).<\/p>\n\n\n\n<p class=\"has-small-font-size\">(Mit Franziska Flucke) Das Deutsch-Franz\u00f6sische Schulgeschichtsbuch, in: Corine Defrance\/Ulrich Pfeil (Hg.), L\u00e4nderbericht Frankreich, Bonn 2021, S. 75-83.<\/p>\n\n\n\n<p class=\"has-small-font-size\">Die DDR im Klassenzimmer. Deutung und Wissensvermittlung in Deutschland und Frankreich nach 1990, Frankfurt am Main 2020.<\/p>\n\n\n\n<p class=\"has-small-font-size\">Auf den Spuren des ostdeutschen Staates -DDR-Geschichte in franz\u00f6sischen Ausstellungen nach 2009, in: Deutschland Archiv, 30.3.2020, URL: www.bpb.de\/306847.<\/p>\n\n\n\n<div style=\"height:32px\" aria-hidden=\"true\" class=\"wp-block-spacer\"><\/div>\n\n\n\n<h4 class=\"wp-block-heading\">Kontakt<\/h4>\n\n\n\n<p>Dr. Marie M\u00fcller-Zetzsche<br>Moses Mendelssohn Zentrum f\u00fcr europ\u00e4isch-j\u00fcdische Studien e.V.<br>Am Neuen Markt 8<br>14467 Potsdam<\/p>\n\n\n\n<p>E-Mail: <a href=\"mailto:mueller-zetzsche@uni-potsdam.de\" target=\"_blank\" rel=\"noreferrer noopener\">mueller-zetzsche@uni-potsdam.de<\/a><\/p>\n\n\n\n<p><\/p>\n","protected":false},"excerpt":{"rendered":"<p>Dr. Marie M\u00fcller-Zetzsche war wissenschaftliche Mitarbeiterin der Forschungsgruppe und bearbeitete das Projekt \u00bbMedien-Intellektuelle von rechts? Die Entwicklung rechtsradikaler Ideologie nach 1945 in Deutschland und Frankreich\u00ab. Sie ist assoziierte Wissenschaftlerin am Moses Mendelssohn Zentrum Vita 2021-2025 Wissenschaftliche Mitarbeiterin\/ Postdoc am Moses&hellip;  <\/p>\n<p class=\"more-link\"><a href=\"https:\/\/projekt.radikale-rechte.de\/index.php\/marie-mueller-zetzsche\/\">Continue reading <span class=\"meta-nav\">&rarr;<\/span><\/a><\/p>\n","protected":false},"author":2,"featured_media":0,"parent":0,"menu_order":0,"comment_status":"closed","ping_status":"closed","template":"","meta":{"footnotes":""},"class_list":["post-23","page","type-page","status-publish","hentry"],"_links":{"self":[{"href":"https:\/\/projekt.radikale-rechte.de\/index.php\/wp-json\/wp\/v2\/pages\/23","targetHints":{"allow":["GET"]}}],"collection":[{"href":"https:\/\/projekt.radikale-rechte.de\/index.php\/wp-json\/wp\/v2\/pages"}],"about":[{"href":"https:\/\/projekt.radikale-rechte.de\/index.php\/wp-json\/wp\/v2\/types\/page"}],"author":[{"embeddable":true,"href":"https:\/\/projekt.radikale-rechte.de\/index.php\/wp-json\/wp\/v2\/users\/2"}],"replies":[{"embeddable":true,"href":"https:\/\/projekt.radikale-rechte.de\/index.php\/wp-json\/wp\/v2\/comments?post=23"}],"version-history":[{"count":14,"href":"https:\/\/projekt.radikale-rechte.de\/index.php\/wp-json\/wp\/v2\/pages\/23\/revisions"}],"predecessor-version":[{"id":1654,"href":"https:\/\/projekt.radikale-rechte.de\/index.php\/wp-json\/wp\/v2\/pages\/23\/revisions\/1654"}],"wp:attachment":[{"href":"https:\/\/projekt.radikale-rechte.de\/index.php\/wp-json\/wp\/v2\/media?parent=23"}],"curies":[{"name":"wp","href":"https:\/\/api.w.org\/{rel}","templated":true}]}}