{"id":26,"date":"2021-11-16T12:51:17","date_gmt":"2021-11-16T11:51:17","guid":{"rendered":"https:\/\/projekt.radikale-rechte.de\/?page_id=26"},"modified":"2023-04-13T14:56:25","modified_gmt":"2023-04-13T12:56:25","slug":"jugend-hassler","status":"publish","type":"page","link":"https:\/\/projekt.radikale-rechte.de\/index.php\/jugend-hassler\/","title":{"rendered":"Jugend"},"content":{"rendered":"\n<h3 class=\"wp-block-heading\">Rechte Kaderschmieden. Die \u00bbJungen Nationaldemokraten\u00ab, ca. 1967\u20131994<\/h3>\n\n\n\n<p><strong>Assoziiertes Dissertationsprojekt von <a href=\"https:\/\/projekt.radikale-rechte.de\/index.php\/laura-hassler\/\" data-type=\"page\" data-id=\"20\">Laura Ha\u00dfler<\/a><\/strong><br>(gef\u00f6rdert von der Hans-B\u00f6ckler-Stiftung)<\/p>\n\n\n\n<p>Die Jungen Nationaldemokraten (JN) nehmen eine Schl\u00fcsselposition in der Geschichte der \u203aNationalen Opposition\u2039 der Bundesrepublik Deutschland ein. Die 1967 aufgebaute, deutschlandweit agierende Parteijugend der NPD war bis in die 1990er-Jahre die gr\u00f6\u00dfte Jugendorganisation der radikalen Rechten in der Bonner Republik. Sie pr\u00e4gte ihre Mutterpartei ma\u00dfgeblich, hielt das nationalistische Lager in der Krisenzeit der 1970er- und 1980er-Jahre zusammen und war Motor der Verj\u00fcngung, Radikalisierung und Ausweitung der \u203aNationalen Opposition\u2039 in den Jugendkulturen sowie in der Fu\u00dfballfanszene. Die Jungen Nationaldemokraten fungierten als Eintrittstor und Durchlauferhitzer rechter Karrieren, aus dem die erste Nachkriegsgeneration Rechtsterroristen hervorging.<\/p>\n\n\n\n<p>Wie die Jungen Nationaldemokraten diese Schl\u00fcsselstellung im rechten Milieu erlangten und aus\u00fcbten, ist bisher zeithistorisch nicht erforscht. Das Projekt geht dieser Frage durch eine Analyse ihrer Strukturen, B\u00fcndnisse und Aktivit\u00e4ten gesellschaftsgeschichtlich nach. Neben der formalen Organisation erfasst es dazu auch das \u00bbsoziale Gebilde\u00ab der Jungen Nationaldemokraten praxeologisch. Mit Ans\u00e4tzen der Kulturgeschichte des Politischen analysiere ich ihre Organisationskultur, Ideologieproduktion und soziale Struktur, ebenso, wie andere Gruppen sie wahrnahmen, ihnen M\u00f6glichkeitsr\u00e4ume er\u00f6ffneten oder sie beschnitten. Die Jungen Nationaldemokraten sollen dabei nicht nur als Organisation der extremen Rechten betrachtet werden, sondern gleichzeitig als Teil einer selbstbewussten Jugend, die mehr Mitsprache bei der Ausgestaltung gesellschaftlicher und politischer Ordnungen einforderte.<\/p>\n","protected":false},"excerpt":{"rendered":"<p>Rechte Kaderschmieden. Die \u00bbJungen Nationaldemokraten\u00ab, ca. 1967\u20131994 Assoziiertes Dissertationsprojekt von Laura Ha\u00dfler(gef\u00f6rdert von der Hans-B\u00f6ckler-Stiftung) Die Jungen Nationaldemokraten (JN) nehmen eine Schl\u00fcsselposition in der Geschichte der \u203aNationalen Opposition\u2039 der Bundesrepublik Deutschland ein. Die 1967 aufgebaute, deutschlandweit agierende Parteijugend der NPD&hellip;  <\/p>\n<p class=\"more-link\"><a href=\"https:\/\/projekt.radikale-rechte.de\/index.php\/jugend-hassler\/\">Continue reading <span class=\"meta-nav\">&rarr;<\/span><\/a><\/p>\n","protected":false},"author":2,"featured_media":0,"parent":0,"menu_order":0,"comment_status":"closed","ping_status":"closed","template":"","meta":{"footnotes":""},"class_list":["post-26","page","type-page","status-publish","hentry"],"_links":{"self":[{"href":"https:\/\/projekt.radikale-rechte.de\/index.php\/wp-json\/wp\/v2\/pages\/26","targetHints":{"allow":["GET"]}}],"collection":[{"href":"https:\/\/projekt.radikale-rechte.de\/index.php\/wp-json\/wp\/v2\/pages"}],"about":[{"href":"https:\/\/projekt.radikale-rechte.de\/index.php\/wp-json\/wp\/v2\/types\/page"}],"author":[{"embeddable":true,"href":"https:\/\/projekt.radikale-rechte.de\/index.php\/wp-json\/wp\/v2\/users\/2"}],"replies":[{"embeddable":true,"href":"https:\/\/projekt.radikale-rechte.de\/index.php\/wp-json\/wp\/v2\/comments?post=26"}],"version-history":[{"count":12,"href":"https:\/\/projekt.radikale-rechte.de\/index.php\/wp-json\/wp\/v2\/pages\/26\/revisions"}],"predecessor-version":[{"id":901,"href":"https:\/\/projekt.radikale-rechte.de\/index.php\/wp-json\/wp\/v2\/pages\/26\/revisions\/901"}],"wp:attachment":[{"href":"https:\/\/projekt.radikale-rechte.de\/index.php\/wp-json\/wp\/v2\/media?parent=26"}],"curies":[{"name":"wp","href":"https:\/\/api.w.org\/{rel}","templated":true}]}}