{"id":28,"date":"2021-11-16T12:51:17","date_gmt":"2021-11-16T11:51:17","guid":{"rendered":"https:\/\/projekt.radikale-rechte.de\/?page_id=28"},"modified":"2023-04-13T15:00:15","modified_gmt":"2023-04-13T13:00:15","slug":"streitkraefte-sass","status":"publish","type":"page","link":"https:\/\/projekt.radikale-rechte.de\/index.php\/streitkraefte-sass\/","title":{"rendered":"Milit\u00e4r"},"content":{"rendered":"\n<h3 class=\"wp-block-heading\">Radikale Rechte in der Bundeswehr und NVA (1955\/56\u20131998)<\/h3>\n\n\n\n<p><strong>Dissertationsprojekt von <a href=\"https:\/\/projekt.radikale-rechte.de\/index.php\/jakob-sass\/\" data-type=\"page\" data-id=\"31\">Jakob Sa\u00df<\/a><\/strong><br>Teilprojekt des von der VolkswagenStiftung finanzierten Projekts<\/p>\n\n\n\n<p>Die aktuell debattierten rechtsextremen Vorf\u00e4lle bei der Bundeswehr um den Fall \u00bbFranco A.\u00ab, das \u00bbHannibal\u00ab-Netzwerk und das KSK sind nicht allein gegenw\u00e4rtige Konjunkturen radikalnationalistischer Bewegungen. Sie verweisen vielmehr auf jahrzehntelange Aktivit\u00e4ten der radikalen Rechten. Das Dissertationsprojekt untersucht daher erstmalig auf Basis von internen Akten z\u00e4sur\u00fcbergreifend und akteursorientiert Praktiken der radikalen Rechten sowohl in der Bundeswehr als auch vergleichend in der NVA.<\/p>\n\n\n\n<p>W\u00e4hrend ostdeutsche Soldaten trotz der massiven \u00dcberwachung hundertfach vor allem mit NS-Verherrlichung, Propagandadelikten sowie antisowjetischen, antisemitischen und revanchistischen \u00c4u\u00dferungen provozierten und ihre Distanz zum SED-Staat zeigten, gingen die Praktiken rechtsradikaler Akteure in der Bundeswehr weit dar\u00fcber hinaus: Aktivit\u00e4ten in rechtsradikalen Parteien wie der NPD, rassistisch motivierte Gewalttaten und rechtsterroristische Handlungen stellten das neue reformerische Leitbild vom m\u00fcndigen, verfassungstreuen \u00bbStaatsb\u00fcrger in Uniform\u00ab immer wieder auf eine harte Probe.<\/p>\n\n\n\n<p>Im Vordergrund stehen hier vor allem der Mentalit\u00e4tstransfer der NS-sozialisierten \u00bbErlebnisgeneration\u00ab sowie Wechselwirkungen zwischen den beiden Streitkr\u00e4ften, darunter Propagandakampagnen und m\u00f6gliche grenz\u00fcbergreifende Nachahmungstaten von rechtsradikalen Soldaten in Ost und West. Die Vergleichsstudie betrachtet zudem, wie die Bundesrepublik und die DDR mit diesen verschiedenen Praktiken in ihren Streitkr\u00e4ften umgingen.<\/p>\n\n\n\n<p>Das Dissertationsprojekt wird betreut von Prof. Dr. Frank B\u00f6sch (Erstbetreuer, ZZF Potsdam) und Prof. Dr. Fabian Virchow (Zweitbetreuer, FORENA D\u00fcsseldorf).<\/p>\n","protected":false},"excerpt":{"rendered":"<p>Radikale Rechte in der Bundeswehr und NVA (1955\/56\u20131998) Dissertationsprojekt von Jakob Sa\u00dfTeilprojekt des von der VolkswagenStiftung finanzierten Projekts Die aktuell debattierten rechtsextremen Vorf\u00e4lle bei der Bundeswehr um den Fall \u00bbFranco A.\u00ab, das \u00bbHannibal\u00ab-Netzwerk und das KSK sind nicht allein gegenw\u00e4rtige&hellip;  <\/p>\n<p class=\"more-link\"><a href=\"https:\/\/projekt.radikale-rechte.de\/index.php\/streitkraefte-sass\/\">Continue reading <span class=\"meta-nav\">&rarr;<\/span><\/a><\/p>\n","protected":false},"author":2,"featured_media":0,"parent":0,"menu_order":0,"comment_status":"closed","ping_status":"closed","template":"","meta":{"footnotes":""},"class_list":["post-28","page","type-page","status-publish","hentry"],"_links":{"self":[{"href":"https:\/\/projekt.radikale-rechte.de\/index.php\/wp-json\/wp\/v2\/pages\/28","targetHints":{"allow":["GET"]}}],"collection":[{"href":"https:\/\/projekt.radikale-rechte.de\/index.php\/wp-json\/wp\/v2\/pages"}],"about":[{"href":"https:\/\/projekt.radikale-rechte.de\/index.php\/wp-json\/wp\/v2\/types\/page"}],"author":[{"embeddable":true,"href":"https:\/\/projekt.radikale-rechte.de\/index.php\/wp-json\/wp\/v2\/users\/2"}],"replies":[{"embeddable":true,"href":"https:\/\/projekt.radikale-rechte.de\/index.php\/wp-json\/wp\/v2\/comments?post=28"}],"version-history":[{"count":8,"href":"https:\/\/projekt.radikale-rechte.de\/index.php\/wp-json\/wp\/v2\/pages\/28\/revisions"}],"predecessor-version":[{"id":905,"href":"https:\/\/projekt.radikale-rechte.de\/index.php\/wp-json\/wp\/v2\/pages\/28\/revisions\/905"}],"wp:attachment":[{"href":"https:\/\/projekt.radikale-rechte.de\/index.php\/wp-json\/wp\/v2\/media?parent=28"}],"curies":[{"name":"wp","href":"https:\/\/api.w.org\/{rel}","templated":true}]}}