{"id":29,"date":"2021-11-16T12:51:17","date_gmt":"2021-11-16T11:51:17","guid":{"rendered":"https:\/\/projekt.radikale-rechte.de\/?page_id=29"},"modified":"2023-04-13T15:02:57","modified_gmt":"2023-04-13T13:02:57","slug":"terrorismus-muschiol","status":"publish","type":"page","link":"https:\/\/projekt.radikale-rechte.de\/index.php\/terrorismus-muschiol\/","title":{"rendered":"Terrorismus"},"content":{"rendered":"\n<h3 class=\"wp-block-heading\">Einzelt\u00e4ter? Rechtsterroristische Akteure in der alten Bundesrepublik<\/h3>\n\n\n\n<p><strong>Assoziiertes Dissertationsprojekt von <a href=\"https:\/\/projekt.radikale-rechte.de\/index.php\/darius-muschiol\/\" data-type=\"page\" data-id=\"22\">Darius Muschiol<\/a><\/strong><br>(gef\u00f6rdert von der Hans-B\u00f6ckler-Stiftung)<\/p>\n\n\n\n<p>Das Projekt zielt mittels eines akteursorientierten Ansatzes darauf, ausgehend von konkreten Gewalttaten in der alten Bundesrepublik, ein differenziertes Bild des Verh\u00e4ltnisses des rechtsextremen Milieus und seiner Akteure zu terroristischer Gewalt auszuarbeiten. Die Arbeit verortet sich im Bereich der politischen Sozialgeschichte sowie der zeithistorischen Rechtsextremismusforschung. Zentraler Ausgangspunkt ist die Frage, inwiefern es sich bei den Akteuren um \u00bbEinzelt\u00e4ter\u00ab und\/oder Gruppierungen von \u00bbhalbverr\u00fcckten Spinnern\u00ab handelte, als welche sie in Politik, Beh\u00f6rden und \u00d6ffentlichkeit h\u00e4ufig bezeichnet wurden.<\/p>\n\n\n\n<p>Diese Zuschreibungen, so die These, versperrten dabei seinerzeit h\u00e4ufig den Blick auf rechtsextreme Sozialisationshintergr\u00fcnde, vernachl\u00e4ssigten strukturelle (Gruppen-)Netzwerke und missachteten gesellschaftliche Stimmungen.<\/p>\n\n\n\n<p>Daran ankn\u00fcpfend soll untersucht werden, wann verschiedene Akteure die Aus\u00fcbung von Gewalt in Betracht zogen, in welchem Ausma\u00df, mit welchen Mitteln und zu welchem Ziel. Au\u00dferdem soll dargestellt werden, welche Legitimationsstrategien der Aus\u00fcbung von Gewalt zugrunde lagen. Im Fokus der Betrachtung stehen einerseits die Radikalisierungsdynamiken der T\u00e4ter und deren nationale wie internationale Netzwerke. Andererseits stehen die Untersuchung der Kommunikationsstrategien sowie die Feindbilder als weitere Analysekategorien im Zentrum des Interesses. Schlie\u00dflich sollen m\u00f6gliche Fehleinsch\u00e4tzungen von Politik, Beh\u00f6rden und Justiz in Bezug auf den Rechtsterrorismus, insbesondere in Hinsicht auf Zuschreibungen wie die der \u00bbEinzelt\u00e4terthese\u00ab, herausgearbeitet werden.<\/p>\n\n\n\n<p>Als Quellen dienen sowohl Selbstzeugnisse des (gewaltt\u00e4tigen) rechtsextremen Milieus als auch Fremderzeugnisse (Verfassungsschutzberichte, Gerichtsakten, Zeitungsartikel, Stasi-Akten) um mittels einer historisch-genetischen Analyse darzulegen, dass (gewaltt\u00e4tiger\/terroristischer) Rechtsextremismus kein neues Ph\u00e4nomen der Nachwendezeit ist, sondern, wie Gideon Botsch bemerkt, \u00bbein begleitender Faktor, der sich durch die Geschichte der Bundesrepublik durchzieht\u00ab.<\/p>\n","protected":false},"excerpt":{"rendered":"<p>Einzelt\u00e4ter? Rechtsterroristische Akteure in der alten Bundesrepublik Assoziiertes Dissertationsprojekt von Darius Muschiol(gef\u00f6rdert von der Hans-B\u00f6ckler-Stiftung) Das Projekt zielt mittels eines akteursorientierten Ansatzes darauf, ausgehend von konkreten Gewalttaten in der alten Bundesrepublik, ein differenziertes Bild des Verh\u00e4ltnisses des rechtsextremen Milieus und&hellip;  <\/p>\n<p class=\"more-link\"><a href=\"https:\/\/projekt.radikale-rechte.de\/index.php\/terrorismus-muschiol\/\">Continue reading <span class=\"meta-nav\">&rarr;<\/span><\/a><\/p>\n","protected":false},"author":2,"featured_media":0,"parent":0,"menu_order":0,"comment_status":"closed","ping_status":"closed","template":"","meta":{"footnotes":""},"class_list":["post-29","page","type-page","status-publish","hentry"],"_links":{"self":[{"href":"https:\/\/projekt.radikale-rechte.de\/index.php\/wp-json\/wp\/v2\/pages\/29","targetHints":{"allow":["GET"]}}],"collection":[{"href":"https:\/\/projekt.radikale-rechte.de\/index.php\/wp-json\/wp\/v2\/pages"}],"about":[{"href":"https:\/\/projekt.radikale-rechte.de\/index.php\/wp-json\/wp\/v2\/types\/page"}],"author":[{"embeddable":true,"href":"https:\/\/projekt.radikale-rechte.de\/index.php\/wp-json\/wp\/v2\/users\/2"}],"replies":[{"embeddable":true,"href":"https:\/\/projekt.radikale-rechte.de\/index.php\/wp-json\/wp\/v2\/comments?post=29"}],"version-history":[{"count":10,"href":"https:\/\/projekt.radikale-rechte.de\/index.php\/wp-json\/wp\/v2\/pages\/29\/revisions"}],"predecessor-version":[{"id":907,"href":"https:\/\/projekt.radikale-rechte.de\/index.php\/wp-json\/wp\/v2\/pages\/29\/revisions\/907"}],"wp:attachment":[{"href":"https:\/\/projekt.radikale-rechte.de\/index.php\/wp-json\/wp\/v2\/media?parent=29"}],"curies":[{"name":"wp","href":"https:\/\/api.w.org\/{rel}","templated":true}]}}