{"id":30,"date":"2021-11-16T12:51:17","date_gmt":"2021-11-16T11:51:17","guid":{"rendered":"https:\/\/projekt.radikale-rechte.de\/?page_id=30"},"modified":"2024-01-09T12:15:34","modified_gmt":"2024-01-09T11:15:34","slug":"organisation-rigoll","status":"publish","type":"page","link":"https:\/\/projekt.radikale-rechte.de\/index.php\/organisation-rigoll\/","title":{"rendered":"Organisation"},"content":{"rendered":"\n<h3 class=\"wp-block-heading\">Sch\u00fcbe nach rechts: Wie rechte Parteien das besetzte und geteilte Deutschland pr\u00e4gten<\/h3>\n\n\n\n<p><strong>Postdoc-Projekt von <a href=\"https:\/\/projekt.radikale-rechte.de\/index.php\/dominik-rigoll\/\" data-type=\"page\" data-id=\"21\">Dr. Dominik Rigoll<\/a><\/strong><br>Teilprojekt des von der VolkswagenStiftung finanzierten Projekts<\/p>\n\n\n\n<p>\u00dcberblicksdarstellungen schreiben rechten Parteien im Nachkriegsdeutschland in der Regel keinen gro\u00dfen Einfluss zu. Tats\u00e4chlich konnten sich in der Bundesrepublik vor dem Aufstieg der AfD weder rechtsextreme noch rechtspopulistische Parteien dauerhaft im politischen Spektrum etablieren. In DDR waren sie gar verboten. Gleich null war der Impact von Rechtsparteien im besetzten und geteilten Deutschland indes nicht. Im Westteil des Landes verf\u00fcgten sie regelm\u00e4\u00dfig \u00fcber genug Handlungsmacht (Agency), um an der Stabilisierung eines nationalistischen (\u00bbnationalen\u00ab) Milieus mitzuwirken, von dem aus sie operieren und bei Wahlen politische Achtungserfolge erzielen konnten. Sie entfalteten aber auch Wirkungsmacht (Legacy), zum Beispiel, indem sie rechtes Agendasetting betrieben \u2013 allem voran in der Vergangenheits-, Migrations- und Sicherheitspolitik \u2013 oder \u00bbb\u00fcrgerlichen\u00ab B\u00fcndnissen zu Mehrheiten verhalfen, die linke Reformvorhaben verhinderten \u2013 so im Fall der Sozialisierungsprogramme der 1945er-Jahre. Selbst im Ostteil des Landes existierte mit der National-Demokratischen Partei Deutschlands (NDPD) eine rechte Blockpartei, die dank ihrer Allianz mit der SED die \u00bbnationalen\u00ab Interessen ihrer Klientel im Staatssozialismus durchsetzen konnte.<\/p>\n\n\n\n<p>Vor allem in der Bonner Republik, aber auch unter der Besatzung und in der DDR gelang es rechten Parteien also, Rechtsdruck aufzubauen und zu Entwicklungen beizutragen, die als Rechtsruck bezeichnet werden. Mein Projekt untersucht diese Prozesse mithilfe eines nationalismusgeschichtlichen Ansatzes als Nationalisierungssch\u00fcbe, die bestimmte Bereiche des Gemeinwesens nationalistischer machten und parallel verliefen zu den ungleich besser erforschten Liberalisierungssch\u00fcben (West) und Sozialisierngssch\u00fcben (Ost). Das Quellenkorpus umfasst erstens die vor allem in Westdeutschland, aber auch in Ostdeutschland und im Ausland seit 1945 entstandene politik-, sozial- und geschichtswissenschaftliche Literatur, die sich ihrem Gegenstand meist unter ganz anderen Pr\u00e4missen gen\u00e4hert hat und daher ebenso als Sekund\u00e4rquelle dienen kann wie diverse Demokratie-, Verfassungs- und Staatsschutzberichte von alliierter, west- und ostdeutscher Seite. Zweitens werden systematisch Presseerzeugnisse ausgewertet, wobei solche Medien im Fokus stehen, die am sensibelsten auf Nationalisierungssch\u00fcbe reagierten, namentlich j\u00fcdische, linke und nicht zuletzt nationalistische Periodika.<\/p>\n\n\n\n<p>Stand: 14.6.2023<\/p>\n","protected":false},"excerpt":{"rendered":"<p>Sch\u00fcbe nach rechts: Wie rechte Parteien das besetzte und geteilte Deutschland pr\u00e4gten Postdoc-Projekt von Dr. Dominik RigollTeilprojekt des von der VolkswagenStiftung finanzierten Projekts \u00dcberblicksdarstellungen schreiben rechten Parteien im Nachkriegsdeutschland in der Regel keinen gro\u00dfen Einfluss zu. Tats\u00e4chlich konnten sich in&hellip;  <\/p>\n<p class=\"more-link\"><a href=\"https:\/\/projekt.radikale-rechte.de\/index.php\/organisation-rigoll\/\">Continue reading <span class=\"meta-nav\">&rarr;<\/span><\/a><\/p>\n","protected":false},"author":2,"featured_media":0,"parent":0,"menu_order":0,"comment_status":"closed","ping_status":"closed","template":"","meta":{"footnotes":""},"class_list":["post-30","page","type-page","status-publish","hentry"],"_links":{"self":[{"href":"https:\/\/projekt.radikale-rechte.de\/index.php\/wp-json\/wp\/v2\/pages\/30","targetHints":{"allow":["GET"]}}],"collection":[{"href":"https:\/\/projekt.radikale-rechte.de\/index.php\/wp-json\/wp\/v2\/pages"}],"about":[{"href":"https:\/\/projekt.radikale-rechte.de\/index.php\/wp-json\/wp\/v2\/types\/page"}],"author":[{"embeddable":true,"href":"https:\/\/projekt.radikale-rechte.de\/index.php\/wp-json\/wp\/v2\/users\/2"}],"replies":[{"embeddable":true,"href":"https:\/\/projekt.radikale-rechte.de\/index.php\/wp-json\/wp\/v2\/comments?post=30"}],"version-history":[{"count":12,"href":"https:\/\/projekt.radikale-rechte.de\/index.php\/wp-json\/wp\/v2\/pages\/30\/revisions"}],"predecessor-version":[{"id":1220,"href":"https:\/\/projekt.radikale-rechte.de\/index.php\/wp-json\/wp\/v2\/pages\/30\/revisions\/1220"}],"wp:attachment":[{"href":"https:\/\/projekt.radikale-rechte.de\/index.php\/wp-json\/wp\/v2\/media?parent=30"}],"curies":[{"name":"wp","href":"https:\/\/api.w.org\/{rel}","templated":true}]}}