{"id":32,"date":"2021-11-16T12:51:17","date_gmt":"2021-11-16T11:51:17","guid":{"rendered":"https:\/\/projekt.radikale-rechte.de\/?page_id=32"},"modified":"2026-03-03T12:39:52","modified_gmt":"2026-03-03T11:39:52","slug":"gideon-botsch","status":"publish","type":"page","link":"https:\/\/projekt.radikale-rechte.de\/index.php\/gideon-botsch\/","title":{"rendered":"Gideon Botsch"},"content":{"rendered":"\n<div class=\"wp-block-columns is-layout-flex wp-container-core-columns-is-layout-9d6595d7 wp-block-columns-is-layout-flex\">\n<div class=\"wp-block-column is-layout-flow wp-block-column-is-layout-flow\" style=\"flex-basis:33.33%\">\n<figure class=\"wp-block-image size-large\"><img loading=\"lazy\" decoding=\"async\" width=\"682\" height=\"1024\" src=\"https:\/\/projekt.radikale-rechte.de\/wp-content\/uploads\/2021\/12\/Botsch-682x1024.jpg\" alt=\"\" class=\"wp-image-468\" srcset=\"https:\/\/projekt.radikale-rechte.de\/wp-content\/uploads\/2021\/12\/Botsch-682x1024.jpg 682w, https:\/\/projekt.radikale-rechte.de\/wp-content\/uploads\/2021\/12\/Botsch-200x300.jpg 200w, https:\/\/projekt.radikale-rechte.de\/wp-content\/uploads\/2021\/12\/Botsch-768x1154.jpg 768w, https:\/\/projekt.radikale-rechte.de\/wp-content\/uploads\/2021\/12\/Botsch-240x360.jpg 240w, https:\/\/projekt.radikale-rechte.de\/wp-content\/uploads\/2021\/12\/Botsch.jpg 800w\" sizes=\"auto, (max-width: 682px) 100vw, 682px\" \/><\/figure>\n\n\n\n<p><\/p>\n<\/div>\n\n\n\n<div class=\"wp-block-column is-layout-flow wp-block-column-is-layout-flow\" style=\"flex-basis:66.66%\">\n<p><strong>Prof. Dr. Gideon Botsch ist Leiter der Emil Julius Gumbel Forschungsstelle Antisemitismus und Rechtsextremismus (EJGF) am MMZ Potsdam und lehrt als au\u00dferplanm\u00e4\u00dfiger Professor an der Wirtschafts- und Sozialwissenschaftliche Fakult\u00e4t der Universit\u00e4t Potsdam. Zusammen mit Frank B\u00f6sch (ZZF) leitet er das Kooperationsprojekt zur radikalen Rechten in Deutschland.<\/strong><\/p>\n<\/div>\n<\/div>\n\n\n\n<p>Gideon Botsch, 1970 in Berlin (West) geboren, hat sein Studium der Politikwissenschaft an der Freien Universit\u00e4t Berlin (FU), mit einer Diplomarbeit zur Kontinuit\u00e4t nationalsozialistischer Europa-Konzepte im fr\u00fchen Rechtsextremismus in der Bundesrepublik abgeschlossen. Als Stipendiat der Hans-B\u00f6ckler-Stiftung promovierte er am Otto-Suhr-Institut \u00fcber das Deutsche Auslandswissenschaftliche Institut an der Universit\u00e4t Berlin in der NS-Zeit (2003). Anschlie\u00dfend war er als wissenschaftlicher Mitarbeiter der Gedenk- und Bildungsst\u00e4tte Haus der Wannsee-Konferenz t\u00e4tig. Seit 2006 ist er wissenschaftlicher Mitarbeiter am MMZ, schwerpunktm\u00e4\u00dfig befasst mit der Antisemitismus- und Rechtsextremismusforschung, sowie Lehrbeauftragter an der Universit\u00e4t Potsdam. An deren Wirtschafts- und Sozialwissenschaftlicher Fakult\u00e4t habilitierte er sich 2014 mit einer kumulativen schriftlichen Habilitationsleistung: \u201eDie \u201anationale Opposition\u2018 in der Bundesrepublik Deutschland. Studien zur Geschichte der extremen Rechten\u201c. 2018 wurde er zum au\u00dferplanm\u00e4\u00dfigen Professor berufen. Am MMZ leitet er seit 2017 die Emil Julius Gumbel Forschungsstelle Antisemitismus und Rechtsextremismus (EJGF).<\/p>\n\n\n\n<p>Gideon Botsch ist Autor mehrerer \u00dcberblicksdarstellungen zur Geschichte und Ideologie der radikalen Rechten (\u201eWahre Demokratie und Volksgemeinschaft\u201c, 2017; \u201eDie extreme Rechte in der Bundesrepublik Deutschland 1949 bis heute\u201c, 2012). Zu diesem Themenfeld hat er zudem zahlreiche Beitr\u00e4ge verfasst und Sammelb\u00e4nde (mit-)herausgegeben. Weitere Forschungsschwerpunkte sind die Antisemitismusforschung sowie die Geschichte des (j\u00fcdischen) Widerstands und des Fachs Politikwissenschaft im Nationalsozialismus (\u201e\u201aPolitische Wissenschaft\u2018 im Zweiten Weltkrieg\u201c, 2006).<\/p>\n\n\n\n<div style=\"height:32px\" aria-hidden=\"true\" class=\"wp-block-spacer\"><\/div>\n\n\n\n<h4 class=\"wp-block-heading\">Kontakt<\/h4>\n\n\n\n<p>Gideon Botsch<br>Moses Mendelssohn Zentrum f\u00fcr europ\u00e4isch-j\u00fcdische Studien e.V.<br>Am Neuen Markt 8<br>14467 Potsdam<\/p>\n\n\n\n<p>E-Mail: <a href=\"mailto:botsch@uni-potsdam.de\" data-type=\"mailto\" data-id=\"mailto:botsch@uni-potsdam.de\">botsch@uni-potsdam.de<\/a><br>Website beim MMZ: <a href=\"https:\/\/www.mmz-potsdam.de\/team\/gideon-botsch\">https:\/\/www.mmz-potsdam.de\/team\/gideon-botsch<\/a><\/p>\n\n\n\n<p><\/p>\n","protected":false},"excerpt":{"rendered":"<p>Prof. Dr. Gideon Botsch ist Leiter der Emil Julius Gumbel Forschungsstelle Antisemitismus und Rechtsextremismus (EJGF) am MMZ Potsdam und lehrt als au\u00dferplanm\u00e4\u00dfiger Professor an der Wirtschafts- und Sozialwissenschaftliche Fakult\u00e4t der Universit\u00e4t Potsdam. Zusammen mit Frank B\u00f6sch (ZZF) leitet er das&hellip;  <\/p>\n<p class=\"more-link\"><a href=\"https:\/\/projekt.radikale-rechte.de\/index.php\/gideon-botsch\/\">Continue reading <span class=\"meta-nav\">&rarr;<\/span><\/a><\/p>\n","protected":false},"author":2,"featured_media":0,"parent":0,"menu_order":0,"comment_status":"closed","ping_status":"closed","template":"","meta":{"footnotes":""},"class_list":["post-32","page","type-page","status-publish","hentry"],"_links":{"self":[{"href":"https:\/\/projekt.radikale-rechte.de\/index.php\/wp-json\/wp\/v2\/pages\/32","targetHints":{"allow":["GET"]}}],"collection":[{"href":"https:\/\/projekt.radikale-rechte.de\/index.php\/wp-json\/wp\/v2\/pages"}],"about":[{"href":"https:\/\/projekt.radikale-rechte.de\/index.php\/wp-json\/wp\/v2\/types\/page"}],"author":[{"embeddable":true,"href":"https:\/\/projekt.radikale-rechte.de\/index.php\/wp-json\/wp\/v2\/users\/2"}],"replies":[{"embeddable":true,"href":"https:\/\/projekt.radikale-rechte.de\/index.php\/wp-json\/wp\/v2\/comments?post=32"}],"version-history":[{"count":11,"href":"https:\/\/projekt.radikale-rechte.de\/index.php\/wp-json\/wp\/v2\/pages\/32\/revisions"}],"predecessor-version":[{"id":1656,"href":"https:\/\/projekt.radikale-rechte.de\/index.php\/wp-json\/wp\/v2\/pages\/32\/revisions\/1656"}],"wp:attachment":[{"href":"https:\/\/projekt.radikale-rechte.de\/index.php\/wp-json\/wp\/v2\/media?parent=32"}],"curies":[{"name":"wp","href":"https:\/\/api.w.org\/{rel}","templated":true}]}}