{"id":33,"date":"2021-11-16T12:51:17","date_gmt":"2021-11-16T11:51:17","guid":{"rendered":"https:\/\/projekt.radikale-rechte.de\/?page_id=33"},"modified":"2021-12-03T21:44:16","modified_gmt":"2021-12-03T20:44:16","slug":"frank-boesch","status":"publish","type":"page","link":"https:\/\/projekt.radikale-rechte.de\/index.php\/frank-boesch\/","title":{"rendered":"Frank B\u00f6sch"},"content":{"rendered":"\n<div class=\"wp-block-columns is-layout-flex wp-container-core-columns-is-layout-9d6595d7 wp-block-columns-is-layout-flex\">\n<div class=\"wp-block-column is-layout-flow wp-block-column-is-layout-flow\" style=\"flex-basis:33.33%\">\n<figure class=\"wp-block-image size-large\"><img loading=\"lazy\" decoding=\"async\" width=\"683\" height=\"1024\" src=\"https:\/\/projekt.radikale-rechte.de\/wp-content\/uploads\/2021\/12\/Boesch-683x1024.jpg\" alt=\"\" class=\"wp-image-465\" srcset=\"https:\/\/projekt.radikale-rechte.de\/wp-content\/uploads\/2021\/12\/Boesch-683x1024.jpg 683w, https:\/\/projekt.radikale-rechte.de\/wp-content\/uploads\/2021\/12\/Boesch-200x300.jpg 200w, https:\/\/projekt.radikale-rechte.de\/wp-content\/uploads\/2021\/12\/Boesch-768x1152.jpg 768w, https:\/\/projekt.radikale-rechte.de\/wp-content\/uploads\/2021\/12\/Boesch-240x360.jpg 240w, https:\/\/projekt.radikale-rechte.de\/wp-content\/uploads\/2021\/12\/Boesch.jpg 800w\" sizes=\"auto, (max-width: 683px) 100vw, 683px\" \/><\/figure>\n<\/div>\n\n\n\n<div class=\"wp-block-column is-layout-flow wp-block-column-is-layout-flow\" style=\"flex-basis:66.66%\">\n<p><strong>Prof. Dr. Frank B\u00f6sch ist Direktor des Leibniz-Zentrums f\u00fcr Zeithistorische Forschung (ZZF) Potsdam und ordentlicher Professor f\u00fcr deutsche und europ\u00e4ische Geschichte des 20. Jahrhunderts an der Universit\u00e4t Potsdam. Zusammen mit Gideon Botsch (MMZ) leitet er das Kooperationsprojekt zur radikalen Rechten in Deutschland.<\/strong><\/p>\n<\/div>\n<\/div>\n\n\n\n<p>Frank B\u00f6sch wurde 1969 in L\u00fcbeck geboren und studierte Geschichte, Germanistik und Politikwissenschaft an den Universit\u00e4ten Hamburg und G\u00f6ttingen. 1998\u20132002 war er wissenschaftlicher Mitarbeiter am Seminar f\u00fcr Geschichte der Universit\u00e4t G\u00f6ttingen, wo er mit einer Arbeit \u00fcber \u201eDie Adenauer-CDU. Anatomie einer interkonfessionellen Sammlungspartei (1945\u20131969)\u201c promoviert wurde. 2002\u20132007 lehrte er als Juniorprofessor am Historischen Institut der Ruhr-Universit\u00e4t Bochum, wo er u.a. eine Monografie \u00fcber \u201e\u00d6ffentliche Geheimnisse. Skandale, Politik und Medien in Deutschland und Gro\u00dfbritannien 1880\u20131914\u201c verfasste und erfolgreich extern evaluiert wurde. Bei seinen l\u00e4ngeren Forschungsaufenthalten in England und Irland war er zudem 2005 als Stipendiat am Deutschen Historischen Institut London. 2007 nahm er einen Ruf des Historischen Instituts der Justus-Liebig-Universit\u00e4t Gie\u00dfen an, wo er von 2007\u20132011 auch als Sprecher des DFG-Graduiertenkollegs \u201eTransnationale Medienereignisse von der Fr\u00fchen Neuzeit bis zur Gegenwart\u201c amtierte. 2011 lehnte er einen Ruf der Universit\u00e4t K\u00f6ln ab und nahm den Ruf der Universit\u00e4t Potsdam an, der mit der Leitung des ZZF verbunden war.<\/p>\n\n\n\n<p>B\u00f6sch hat vielf\u00e4ltig zur Geschichte seit dem sp\u00e4ten 19. Jahrhundert publiziert. Sein aktueller Forschungsschwerpunkt liegt in der j\u00fcngeren deutschen Zeitgeschichte und deren globalen Bez\u00fcgen. So ver\u00f6ffentlichte er j\u00fcngst das Buch \u201eZeitenwende 1979. Als die Welt von heute begann\u201c (2019), das ausgehend von zehn globalen Ereignissen grundlegende zeithistorische Ver\u00e4nderungen seit den 1970er-Jahren und deren Verflechtung mit der deutschen Geschichte behandelt. Weitere Schwerpunkte liegen zweitens in der politischen Sozialgeschichte, wo er etwa Monografien \u00fcber den Wandel der Vereinskultur (\u201eDas Konservative Milieu\u201c, 2002) und der Parteien vorlegte (\u201eDie Adenauer-CDU\u201c, 2001; \u201eMacht und Machtverlust\u201c, 2002). Drittens arbeitete er kulturhistorisch \u00fcber den Wandel von Normen und Politik in Deutschland und Gro\u00dfbritannien im ausgehenden 19. Jahrhundert (\u201e\u00d6ffentliche Geheimnisse\u201c, 2009). Ein vierter Arbeitsschwerpunkt ist die Mediengeschichte, insbesondere die Beziehung von Medien- und Gesellschaftswandel (\u201eMediengeschichte\u201c, 2011), die er hin zur Geschichte der digitalen Gesellschaft erweitert hat.<\/p>\n\n\n\n<div style=\"height:32px\" aria-hidden=\"true\" class=\"wp-block-spacer\"><\/div>\n\n\n\n<h5 class=\"wp-block-heading\">Kontakt<\/h5>\n\n\n\n<p>Frank B\u00f6sch<br>Leibniz-Zentrum f\u00fcr Zeithistorische Forschung Potsdam<br>Am Neuen Markt 1<br>14467 Potsdam<\/p>\n\n\n\n<p>E-Mail: <a href=\"mailto:sekretariat@zzf-potsdam.de\" target=\"_blank\" rel=\"noreferrer noopener\">sekretariat@zzf-potsdam.de<\/a><br>Website beim ZZF: <a rel=\"noreferrer noopener\" href=\"https:\/\/zzf-potsdam.de\/de\/mitarbeiter\/frank-bosch\" target=\"_blank\">https:\/\/zzf-potsdam.de\/de\/mitarbeiter\/frank-bosch<\/a><\/p>\n","protected":false},"excerpt":{"rendered":"<p>Prof. Dr. Frank B\u00f6sch ist Direktor des Leibniz-Zentrums f\u00fcr Zeithistorische Forschung (ZZF) Potsdam und ordentlicher Professor f\u00fcr deutsche und europ\u00e4ische Geschichte des 20. Jahrhunderts an der Universit\u00e4t Potsdam. Zusammen mit Gideon Botsch (MMZ) leitet er das Kooperationsprojekt zur radikalen Rechten&hellip;  <\/p>\n<p class=\"more-link\"><a href=\"https:\/\/projekt.radikale-rechte.de\/index.php\/frank-boesch\/\">Continue reading <span class=\"meta-nav\">&rarr;<\/span><\/a><\/p>\n","protected":false},"author":2,"featured_media":0,"parent":0,"menu_order":0,"comment_status":"closed","ping_status":"closed","template":"","meta":{"footnotes":""},"class_list":["post-33","page","type-page","status-publish","hentry"],"_links":{"self":[{"href":"https:\/\/projekt.radikale-rechte.de\/index.php\/wp-json\/wp\/v2\/pages\/33","targetHints":{"allow":["GET"]}}],"collection":[{"href":"https:\/\/projekt.radikale-rechte.de\/index.php\/wp-json\/wp\/v2\/pages"}],"about":[{"href":"https:\/\/projekt.radikale-rechte.de\/index.php\/wp-json\/wp\/v2\/types\/page"}],"author":[{"embeddable":true,"href":"https:\/\/projekt.radikale-rechte.de\/index.php\/wp-json\/wp\/v2\/users\/2"}],"replies":[{"embeddable":true,"href":"https:\/\/projekt.radikale-rechte.de\/index.php\/wp-json\/wp\/v2\/comments?post=33"}],"version-history":[{"count":14,"href":"https:\/\/projekt.radikale-rechte.de\/index.php\/wp-json\/wp\/v2\/pages\/33\/revisions"}],"predecessor-version":[{"id":473,"href":"https:\/\/projekt.radikale-rechte.de\/index.php\/wp-json\/wp\/v2\/pages\/33\/revisions\/473"}],"wp:attachment":[{"href":"https:\/\/projekt.radikale-rechte.de\/index.php\/wp-json\/wp\/v2\/media?parent=33"}],"curies":[{"name":"wp","href":"https:\/\/api.w.org\/{rel}","templated":true}]}}