{"id":35,"date":"2021-11-16T12:51:17","date_gmt":"2021-11-16T11:51:17","guid":{"rendered":"https:\/\/projekt.radikale-rechte.de\/?page_id=35"},"modified":"2023-01-03T15:16:49","modified_gmt":"2023-01-03T14:16:49","slug":"netzwerk-zaer","status":"publish","type":"page","link":"https:\/\/projekt.radikale-rechte.de\/index.php\/netzwerk-zaer\/","title":{"rendered":"Netzwerk\/ZAER"},"content":{"rendered":"\n<p>Der &#8222;<a rel=\"noreferrer noopener\" href=\"https:\/\/zeitgeschichte-extreme-rechte.de\/\" target=\"_blank\">Zeithistorischen Arbeitskreis Extreme Rechte<\/a>&#8220; (ZAER), 2019 unter Beteiligung von ZZF und MMZ gegr\u00fcndet, bildet ein zentrales Forum, um den Dialog zwischen Wissenschaft, Bildungs- und Pr\u00e4ventionsarbeit zu f\u00f6rdern. <br>Angeh\u00f6rige der Forschungsgruppe sind in unterschiedliche Aktivit\u00e4ten des Arbeitskreises eingebunden, beteiligen sich an der Vorbereitung von Workshops und Tagungen oder unterst\u00fctzen die Entwicklung von Konzepten zur Sicherung von Quellen.<\/p>\n\n\n\n<p><\/p>\n\n\n\n<div style=\"height:40px\" aria-hidden=\"true\" class=\"wp-block-spacer\"><\/div>\n\n\n\n<div class=\"wp-block-columns is-layout-flex wp-container-core-columns-is-layout-9d6595d7 wp-block-columns-is-layout-flex\">\n<div class=\"wp-block-column is-layout-flow wp-block-column-is-layout-flow\" style=\"flex-basis:15%\"><\/div>\n\n\n\n<div class=\"wp-block-column is-layout-flow wp-block-column-is-layout-flow\" style=\"flex-basis:50%\">\n<figure class=\"wp-block-image size-large is-resized\"><a rel=\"noreferrer noopener\" href=\"https:\/\/zeitgeschichte-extreme-rechte.de\/\" target=\"_blank\"><img loading=\"lazy\" decoding=\"async\" src=\"https:\/\/projekt.radikale-rechte.de\/wp-content\/uploads\/2021\/11\/bw-logo-website-2048x468_2-1024x234.png\" alt=\"\" class=\"wp-image-231\" width=\"388\" height=\"88\" srcset=\"https:\/\/projekt.radikale-rechte.de\/wp-content\/uploads\/2021\/11\/bw-logo-website-2048x468_2-1024x234.png 1024w, https:\/\/projekt.radikale-rechte.de\/wp-content\/uploads\/2021\/11\/bw-logo-website-2048x468_2-300x69.png 300w, https:\/\/projekt.radikale-rechte.de\/wp-content\/uploads\/2021\/11\/bw-logo-website-2048x468_2-768x176.png 768w, https:\/\/projekt.radikale-rechte.de\/wp-content\/uploads\/2021\/11\/bw-logo-website-2048x468_2-1536x351.png 1536w, https:\/\/projekt.radikale-rechte.de\/wp-content\/uploads\/2021\/11\/bw-logo-website-2048x468_2-994x227.png 994w, https:\/\/projekt.radikale-rechte.de\/wp-content\/uploads\/2021\/11\/bw-logo-website-2048x468_2.png 2048w\" sizes=\"auto, (max-width: 388px) 100vw, 388px\" \/><\/a><\/figure>\n<\/div>\n\n\n\n<div class=\"wp-block-column is-layout-flow wp-block-column-is-layout-flow\" style=\"flex-basis:15%\"><\/div>\n<\/div>\n\n\n\n<p> <\/p>\n","protected":false},"excerpt":{"rendered":"<p>Der &#8222;Zeithistorischen Arbeitskreis Extreme Rechte&#8220; (ZAER), 2019 unter Beteiligung von ZZF und MMZ gegr\u00fcndet, bildet ein zentrales Forum, um den Dialog zwischen Wissenschaft, Bildungs- und Pr\u00e4ventionsarbeit zu f\u00f6rdern. Angeh\u00f6rige der Forschungsgruppe sind in unterschiedliche Aktivit\u00e4ten des Arbeitskreises eingebunden, beteiligen sich&hellip;  <\/p>\n<p class=\"more-link\"><a href=\"https:\/\/projekt.radikale-rechte.de\/index.php\/netzwerk-zaer\/\">Continue reading <span class=\"meta-nav\">&rarr;<\/span><\/a><\/p>\n","protected":false},"author":2,"featured_media":0,"parent":0,"menu_order":0,"comment_status":"closed","ping_status":"closed","template":"","meta":{"footnotes":""},"class_list":["post-35","page","type-page","status-publish","hentry"],"_links":{"self":[{"href":"https:\/\/projekt.radikale-rechte.de\/index.php\/wp-json\/wp\/v2\/pages\/35","targetHints":{"allow":["GET"]}}],"collection":[{"href":"https:\/\/projekt.radikale-rechte.de\/index.php\/wp-json\/wp\/v2\/pages"}],"about":[{"href":"https:\/\/projekt.radikale-rechte.de\/index.php\/wp-json\/wp\/v2\/types\/page"}],"author":[{"embeddable":true,"href":"https:\/\/projekt.radikale-rechte.de\/index.php\/wp-json\/wp\/v2\/users\/2"}],"replies":[{"embeddable":true,"href":"https:\/\/projekt.radikale-rechte.de\/index.php\/wp-json\/wp\/v2\/comments?post=35"}],"version-history":[{"count":23,"href":"https:\/\/projekt.radikale-rechte.de\/index.php\/wp-json\/wp\/v2\/pages\/35\/revisions"}],"predecessor-version":[{"id":782,"href":"https:\/\/projekt.radikale-rechte.de\/index.php\/wp-json\/wp\/v2\/pages\/35\/revisions\/782"}],"wp:attachment":[{"href":"https:\/\/projekt.radikale-rechte.de\/index.php\/wp-json\/wp\/v2\/media?parent=35"}],"curies":[{"name":"wp","href":"https:\/\/api.w.org\/{rel}","templated":true}]}}