{"id":563,"date":"2022-01-29T17:45:15","date_gmt":"2022-01-29T16:45:15","guid":{"rendered":"https:\/\/projekt.radikale-rechte.de\/?page_id=563"},"modified":"2023-06-03T12:55:37","modified_gmt":"2023-06-03T10:55:37","slug":"kooperationspartnerinnen","status":"publish","type":"page","link":"https:\/\/projekt.radikale-rechte.de\/index.php\/kooperationspartnerinnen\/","title":{"rendered":"Kooperationen"},"content":{"rendered":"\n<p>Die folgenden Institutionen und Personen konnten f\u00fcr das Projekt als Kooperationspartner*innen gewonnen werden:<\/p>\n\n\n\n<ul class=\"wp-block-list\"><li><a rel=\"noreferrer noopener\" href=\"https:\/\/www.tu-berlin.de\/fakultaet_i\/zentrum_fuer_antisemitismusforschung\/menue\/aktuelles\" target=\"_blank\">Zentrum f\u00fcr Antisemitismusforschung<\/a> an der Technischen Universit\u00e4t Berlin unter Leitung von Prof. Dr. Stefanie Sch\u00fcler-Springorum<\/li><li><a rel=\"noreferrer noopener\" href=\"https:\/\/www.jenacenter.uni-jena.de\" target=\"_blank\">Jena Center Geschichte des 20. Jahrhunderts<\/a> an der Friedrich-Schiller-Universit\u00e4t Jena; Prof. Dr. Norbert Frei, Dr. Franka Maubach<\/li><li>Prof. Dr. <a rel=\"noreferrer noopener\" href=\"https:\/\/www.jura.uni-frankfurt.de\/115910253\" target=\"_blank\">Tobias Singelnstein<\/a>, Professur f\u00fcr Strafrecht, Strafprozessrecht und Kriminologie an der Goethe-Universit\u00e4t Frankfurt am Main, Leiter der Nachwuchsgruppe der Hans-B\u00f6ckler-Stiftung \u201eRechtsextreme Gewaltdelinquenz und Praxis der Strafverfolgung\u201c (<a rel=\"noreferrer noopener\" href=\"http:\/\/www.nfg-rexdel.de\/\" target=\"_blank\">NFG020 RexDel<\/a>)<\/li><li><a rel=\"noreferrer noopener\" href=\"https:\/\/www.forena.de\" target=\"_blank\">Forschungsschwerpunkt Rechtsextremismus\/Neonazismus (FORENA)<\/a> an der Hochschule D\u00fcsseldorf unter Leitung von Prof. Dr. Fabian Virchow<\/li><li>Prof. Dr. <a rel=\"noreferrer noopener\" href=\"https:\/\/www.uni-goettingen.de\/de\/513254.html\" target=\"_blank\">Petra Terhoeven<\/a>, Professur f\u00fcr Europ\u00e4ische Kultur- und Zeitgeschichte an der Georg-August-Universit\u00e4t G\u00f6ttingen<\/li><li><a rel=\"noreferrer noopener\" href=\"https:\/\/www.fritz-bauer-institut.de\" target=\"_blank\">Fritz-Bauer-Institut<\/a> in Frankfurt am Main unter Leitung von Prof. Dr. Sybille Steinbacher<\/li><li><a rel=\"noreferrer noopener\" href=\"http:\/\/www.diss-duisburg.de\" target=\"_blank\">Duisburger Institut f\u00fcr Sprach- und Sozialforschung (DISS)<\/a> und der \u201eArbeitskreis Rechts\u201c, koordiniert von Helmut Kellershohn<\/li><\/ul>\n","protected":false},"excerpt":{"rendered":"<p>Die folgenden Institutionen und Personen konnten f\u00fcr das Projekt als Kooperationspartner*innen gewonnen werden: Zentrum f\u00fcr Antisemitismusforschung an der Technischen Universit\u00e4t Berlin unter Leitung von Prof. Dr. Stefanie Sch\u00fcler-Springorum Jena Center Geschichte des 20. Jahrhunderts an der Friedrich-Schiller-Universit\u00e4t Jena; Prof. Dr.&hellip;  <\/p>\n<p class=\"more-link\"><a href=\"https:\/\/projekt.radikale-rechte.de\/index.php\/kooperationspartnerinnen\/\">Continue reading <span class=\"meta-nav\">&rarr;<\/span><\/a><\/p>\n","protected":false},"author":2,"featured_media":0,"parent":0,"menu_order":0,"comment_status":"closed","ping_status":"closed","template":"","meta":{"footnotes":""},"class_list":["post-563","page","type-page","status-publish","hentry"],"_links":{"self":[{"href":"https:\/\/projekt.radikale-rechte.de\/index.php\/wp-json\/wp\/v2\/pages\/563","targetHints":{"allow":["GET"]}}],"collection":[{"href":"https:\/\/projekt.radikale-rechte.de\/index.php\/wp-json\/wp\/v2\/pages"}],"about":[{"href":"https:\/\/projekt.radikale-rechte.de\/index.php\/wp-json\/wp\/v2\/types\/page"}],"author":[{"embeddable":true,"href":"https:\/\/projekt.radikale-rechte.de\/index.php\/wp-json\/wp\/v2\/users\/2"}],"replies":[{"embeddable":true,"href":"https:\/\/projekt.radikale-rechte.de\/index.php\/wp-json\/wp\/v2\/comments?post=563"}],"version-history":[{"count":5,"href":"https:\/\/projekt.radikale-rechte.de\/index.php\/wp-json\/wp\/v2\/pages\/563\/revisions"}],"predecessor-version":[{"id":1007,"href":"https:\/\/projekt.radikale-rechte.de\/index.php\/wp-json\/wp\/v2\/pages\/563\/revisions\/1007"}],"wp:attachment":[{"href":"https:\/\/projekt.radikale-rechte.de\/index.php\/wp-json\/wp\/v2\/media?parent=563"}],"curies":[{"name":"wp","href":"https:\/\/api.w.org\/{rel}","templated":true}]}}